{"id":16234,"date":"2024-01-04T18:59:44","date_gmt":"2024-01-04T18:59:44","guid":{"rendered":"https:\/\/esotikgarden.com\/prodotto\/collezione-da-esterno-per-principianti\/"},"modified":"2024-04-18T16:41:57","modified_gmt":"2024-04-18T16:41:57","slug":"collezione-da-esterno-per-principianti","status":"publish","type":"product","link":"https:\/\/esotikgarden.com\/en\/prodotto\/collezione-da-esterno-per-principianti\/","title":{"rendered":"Collezione di 3 piante carnivore da esterno per principianti"},"content":{"rendered":"<p>Il modo perfetto per dare il via alla tua collezione di piante carnivore!<\/p>\n<p>Questo set include 3 piante:<\/p>\n<ul>\n<li>1 <em>Dionaea muscipula<\/em> o Venere Acchiappamosche<\/li>\n<li>1 <em>Sarracenia<\/em><\/li>\n<li>1 <em>Drosera<\/em> temperata o sub-tropicale resistente al gelo<\/li>\n<\/ul>\n<p><strong>Facilit\u00e0 di coltivazione<\/strong>: facile!<\/p>\n<p><strong>Luce:<\/strong> sole pieno, all\u2019aperto.<\/p>\n<p><strong>Acqua:<\/strong> costantemente in ammollo con acqua priva di minerali.<\/p>\n<p>Consulta anche la guida pi\u00f9 in basso (valida per tutte e 3 le piante proposte) per ulteriori informazioni.<\/p>\n<p>Questa collezione di piante carnivore \u00e8 appositamente selezionata per i principianti e comprende tre delle piante carnivore pi\u00f9 popolari e facili da coltivare. La dionea \u00e8 la pi\u00f9 famosa di tutte per le sue sensazionali trappole a scatto. Le sarracenie sono indubbiamente tra le pi\u00f9 vistose e di straordinaria bellezza. Le drosere presentano una moltitudine di goccioline scintillanti sulle punte di tentacoli che si muovono lentamente per avviluppare e ingoiare le prede.<\/p>\n<p>Queste piante crescono tutte nelle stesse condizioni e sono tra le carnivore di pi\u00f9 facile coltivazione. Possono essere coltivate all&#8217;aperto tutto l&#8217;anno. Bellezza e rusticit\u00e0 in un&#8217;unica soluzione!<\/p>\n<p>Le specie e le variet\u00e0 esatte di ognuna di queste 3 piante incluse nella collezione possono variare a seconda della disponibilit\u00e0 del momento. Le fotografie sono rappresentative dei 3 generi proposti, non degli esemplari effettivamente spediti.<\/p>\n<p>Tieni presente che in alcuni periodi, soprattutto nei mesi invernali, queste piante potrebbero essere spedite sotto forma di rizomi dormienti o ibernacoli, senza le vecchie trappole, quindi potrebbero non mostrare le loro vere forme e dimensioni.<\/p>\n<p>&nbsp;<\/p>\n<h2>Cultivation of <em>Dionaea muscipula<\/em><\/h2>\n<p>La dionea, o <strong>Venere acchiappamosche<\/strong>, \u00e8 probabilmente la pi\u00f9 famosa tra le piante carnivore, ma forse anche la pi\u00f9 maltrattata. Praticamente tutti ce l\u2019hanno avuta e l\u2019hanno fatta morire in poche settimane. In realt\u00e0 \u00e8 una pianta molto semplice da coltivare, rispettando alcune semplici regole!<\/p>\n<p><strong>SOLE:<\/strong> <strong>pieno, all&#8217;aperto, tutto l\u2019anno<\/strong>. Ha bisogno di almeno 4-5 ore al giorno di luce solare diretta.<br \/>\nComperando queste piante in un vivaio generico, \u00e8 comune che molte delle trappole \u201cbrucino\u201d e muoiano quando le metti al sole per la prima volta, perch\u00e9 sicuramente sono state tenute all\u2019ombra per un lungo periodo e devono abituarsi ai raggi solari diretti. Ci\u00f2 non succeder\u00e0 con le piante acquistate da noi. Se vivi in \u200b\u200buna zona molto calda, secca e soleggiata, come al centro e sud Italia, potrebbe essere una buona idea ombreggiarle leggermente nei mesi estivi (ad esempio con del tessuto-non-tessuto) oppure evitare il sole diretto nelle ore centrali della giornata. Ad ogni modo \u00e8 sempre meglio \u201ctroppo\u201d sole che troppo poco.<\/p>\n<p><strong>ACQUA:<\/strong> <strong>tienila sempre col<\/strong> <strong>\u201csedere a mollo\u201d in un sottovaso con diversi centimetri di acqua<\/strong>. Non usare sottovasi trasparenti, che surriscalderebbero eccessivamente l\u2019acqua. Puoi far arrivare il livello dell\u2019acqua anche a bordo vaso e rabboccare quando torna a pochi centimetri. Non lasciar mai asciugare il sottovaso. Questo \u00e8 particolarmente importante nei giorni pi\u00f9 caldi. Assicurati di controllare frequentemente il livello idrico in estate. <strong>Utilizza sempre solo acqua demineralizzata, da osmosi inversa o piovana.<\/strong><\/p>\n<p><strong>TEMPERATURA E DORMIENZA:<\/strong> le dionee sono piante da clima temperato-caldo, il che significa che hanno bisogno di estati calde e inverni freschi o freddi. Dovrebbero essere <strong>coltivate all&#8217;aperto tutto l&#8217;anno. Sopportano bene temperature che vanno da -5 a 35\u00b0C<\/strong> e possono subire gelate prolungate e nevicate oppure picchi di temperatura elevata fino a 45\u00b0C per brevi periodi. In caso ci sia un\u2019ondata di freddo in cui le temperature diurne non salgono sopra lo zero per diversi giorni di seguito, \u00e8 bene far scongelare il substrato portando le piante in casa per qualche ora, cosicch\u00e9 possano assorbire acqua dalle radici, per poi riportarle fuori. In alternativa puoi coltivarle in una serretta esterna, che permette ai tenui raggi solari invernali di scaldare l\u2019ambiente fin sopra lo zero termico anche quando fuori \u00e8 tutto congelato. In questo caso per\u00f2 stai attento all\u2019eccessivo calore in primavera e in estate\u2026 raggiungere i 60\u00b0C lasciando la serretta chiusa da aprile in poi \u00e8 facilissimo!<\/p>\n<p><strong>SUBSTRATO:<\/strong> bisogna usare <strong>torba bionda acida di sfagno e perlite<\/strong>, in un rapporto qualsiasi da 3:1 fino a 1:1.<\/p>\n<p><strong>ALIMENTAZIONE E CONCIMAZIONE: <\/strong>Quando viene coltivata all&#8217;aperto, <strong><em>Dionaea muscipula<\/em> cattura prede in abbondanza<\/strong> <strong>e non necessita di alcun aiuto<\/strong>. \u00c8 comunque possibile integrare la sua dieta con un fertilizzante fogliare da applicare una volta al mese. Generalmente va bene usare 1\/10 del dosaggio raccomandato in etichetta di un qualsiasi concime universale con microelementi. Se desideri nutrire le trappole della tua acchiappamosche, ti consigliamo di utilizzare prede vive, poich\u00e9 le trappole, una volta scattate, hanno bisogno di sentire ulteriore movimento al loro interno per sigillarsi ed iniziare il processo di digestione. Ogni scatto a vuoto (o per cibo inerte) significa una grande quantit\u00e0 di energia sprecata per la pianta.<\/p>\n","protected":false},"excerpt":{"rendered":"<p>Il modo perfetto per dare il via alla tua collezione di piante carnivore!<\/p>\n<p>Questo set include 3 piante:<\/p>\n<ul>\n<li>1 <em>Dionaea muscipula<\/em> o Venere acchiappamosche<\/li>\n<li>1 <em>Sarracenia<\/em><\/li>\n<li>1 <em>Drosera<\/em> temperata o sub-tropicale resistente al gelo<\/li>\n<\/ul>\n<p><strong>Facilit\u00e0 di coltivazione<\/strong>: facile!<\/p>\n<p><strong>Luce:<\/strong> sole pieno, all\u2019aperto.<\/p>\n<p><strong>Acqua:<\/strong> costantemente in ammollo con acqua priva di minerali.<\/p>\n<p>Consulta anche la guida pi\u00f9 in basso (valida per tutte e 3 le piante proposte) per ulteriori informazioni.<\/p>\n","protected":false},"featured_media":15560,"comment_status":"open","ping_status":"closed","template":"","meta":[],"product_brand":[],"product_cat":[163,164,165],"product_tag":[166,167,168,169,170,171,172,173,174],"class_list":{"0":"post-16234","1":"product","2":"type-product","3":"status-publish","4":"has-post-thumbnail","6":"product_cat-piante-carnivore-per-principianti-en","7":"product_cat-piante-en","8":"product_cat-piante-carnivore-en","9":"product_tag-da-seme-mix-di-esemplari-en","10":"product_tag-per-principianti-en","11":"product_tag-pianta-carnivora-en","12":"product_tag-pianta-da-esterno-en","13":"product_tag-pianta-da-pieno-sole-en","14":"product_tag-pianta-da-vaso-en","15":"product_tag-pianta-di-palude-en","16":"product_tag-pianta-in-vaso-en","17":"product_tag-pianta-temperata-en","19":"first","20":"instock","21":"sale","22":"taxable","23":"shipping-taxable","24":"purchasable","25":"product-type-simple"},"yoast_head":"<!-- This site is optimized with the Yoast SEO plugin v27.4 - https:\/\/yoast.com\/product\/yoast-seo-wordpress\/ -->\n<title>Collezione di 3 piante carnivore da esterno per principianti - Esotik Garden<\/title>\n<meta name=\"description\" content=\"Collezione di 3 piante carnivore da esterno per principianti: 1 Dionaea muscipula + 1 Sarracenia + 1 Drosera temperata o sub-tropicale resistente al gelo.\" \/>\n<meta name=\"robots\" content=\"index, follow, max-snippet:-1, max-image-preview:large, max-video-preview:-1\" \/>\n<link rel=\"canonical\" href=\"https:\/\/esotikgarden.com\/en\/prodotto\/collezione-da-esterno-per-principianti\/\" \/>\n<meta property=\"og:locale\" content=\"en_US\" \/>\n<meta property=\"og:type\" content=\"article\" \/>\n<meta property=\"og:title\" content=\"Drosera intermedia\" \/>\n<meta property=\"og:description\" content=\"Drosera intermedia \u00e8 presente in natura anche in Italia. E&#039; una pianta erbacea perenne con foglie spatolate appiccicose disposte a rosetta semi-eretta.\" \/>\n<meta property=\"og:url\" content=\"https:\/\/esotikgarden.com\/en\/prodotto\/collezione-da-esterno-per-principianti\/\" \/>\n<meta property=\"og:site_name\" content=\"Esotik Garden\" \/>\n<meta property=\"article:modified_time\" content=\"2024-04-18T16:41:57+00:00\" \/>\n<meta property=\"og:image\" content=\"https:\/\/esotikgarden.com\/wp-content\/uploads\/2023\/11\/Drosera-intermedia1.jpg\" \/>\n\t<meta property=\"og:image:width\" content=\"1533\" \/>\n\t<meta property=\"og:image:height\" content=\"2044\" \/>\n\t<meta property=\"og:image:type\" content=\"image\/jpeg\" \/>\n<meta name=\"twitter:card\" content=\"summary_large_image\" \/>\n<meta name=\"twitter:label1\" content=\"Est. reading time\" \/>\n\t<meta name=\"twitter:data1\" content=\"5 minutes\" \/>\n<script type=\"application\/ld+json\" class=\"yoast-schema-graph\">{\"@context\":\"https:\\\/\\\/schema.org\",\"@graph\":[{\"@type\":\"WebPage\",\"@id\":\"https:\\\/\\\/esotikgarden.com\\\/en\\\/prodotto\\\/collezione-da-esterno-per-principianti\\\/\",\"url\":\"https:\\\/\\\/esotikgarden.com\\\/en\\\/prodotto\\\/collezione-da-esterno-per-principianti\\\/\",\"name\":\"Collezione di 3 piante carnivore da esterno per principianti - Esotik Garden\",\"isPartOf\":{\"@id\":\"https:\\\/\\\/esotikgarden.com\\\/#website\"},\"primaryImageOfPage\":{\"@id\":\"https:\\\/\\\/esotikgarden.com\\\/en\\\/prodotto\\\/collezione-da-esterno-per-principianti\\\/#primaryimage\"},\"image\":{\"@id\":\"https:\\\/\\\/esotikgarden.com\\\/en\\\/prodotto\\\/collezione-da-esterno-per-principianti\\\/#primaryimage\"},\"thumbnailUrl\":\"https:\\\/\\\/esotikgarden.com\\\/wp-content\\\/uploads\\\/2024\\\/01\\\/Collezione-per-principianti-da-esterno1.png\",\"datePublished\":\"2024-01-04T18:59:44+00:00\",\"dateModified\":\"2024-04-18T16:41:57+00:00\",\"description\":\"Collezione di 3 piante carnivore da esterno per principianti: 1 Dionaea muscipula + 1 Sarracenia + 1 Drosera temperata o sub-tropicale resistente al gelo.\",\"breadcrumb\":{\"@id\":\"https:\\\/\\\/esotikgarden.com\\\/en\\\/prodotto\\\/collezione-da-esterno-per-principianti\\\/#breadcrumb\"},\"inLanguage\":\"en-US\",\"potentialAction\":[{\"@type\":\"ReadAction\",\"target\":[\"https:\\\/\\\/esotikgarden.com\\\/en\\\/prodotto\\\/collezione-da-esterno-per-principianti\\\/\"]}]},{\"@type\":\"ImageObject\",\"inLanguage\":\"en-US\",\"@id\":\"https:\\\/\\\/esotikgarden.com\\\/en\\\/prodotto\\\/collezione-da-esterno-per-principianti\\\/#primaryimage\",\"url\":\"https:\\\/\\\/esotikgarden.com\\\/wp-content\\\/uploads\\\/2024\\\/01\\\/Collezione-per-principianti-da-esterno1.png\",\"contentUrl\":\"https:\\\/\\\/esotikgarden.com\\\/wp-content\\\/uploads\\\/2024\\\/01\\\/Collezione-per-principianti-da-esterno1.png\",\"width\":569,\"height\":759},{\"@type\":\"BreadcrumbList\",\"@id\":\"https:\\\/\\\/esotikgarden.com\\\/en\\\/prodotto\\\/collezione-da-esterno-per-principianti\\\/#breadcrumb\",\"itemListElement\":[{\"@type\":\"ListItem\",\"position\":1,\"name\":\"Home\",\"item\":\"https:\\\/\\\/esotikgarden.com\\\/\"},{\"@type\":\"ListItem\",\"position\":2,\"name\":\"Shop\",\"item\":\"https:\\\/\\\/esotikgarden.com\\\/en\\\/shop-2\\\/\"},{\"@type\":\"ListItem\",\"position\":3,\"name\":\"Collezione di 3 piante carnivore da esterno per principianti\"}]},{\"@type\":\"WebSite\",\"@id\":\"https:\\\/\\\/esotikgarden.com\\\/#website\",\"url\":\"https:\\\/\\\/esotikgarden.com\\\/\",\"name\":\"Esotik Garden\",\"description\":\"Specialisti in piante carnivore e piante insolite\",\"potentialAction\":[{\"@type\":\"SearchAction\",\"target\":{\"@type\":\"EntryPoint\",\"urlTemplate\":\"https:\\\/\\\/esotikgarden.com\\\/?s={search_term_string}\"},\"query-input\":{\"@type\":\"PropertyValueSpecification\",\"valueRequired\":true,\"valueName\":\"search_term_string\"}}],\"inLanguage\":\"en-US\"}]}<\/script>\n<!-- \/ Yoast SEO plugin. -->","yoast_head_json":{"title":"Collezione di 3 piante carnivore da esterno per principianti - Esotik Garden","description":"Collezione di 3 piante carnivore da esterno per principianti: 1 Dionaea muscipula + 1 Sarracenia + 1 Drosera temperata o sub-tropicale resistente al gelo.","robots":{"index":"index","follow":"follow","max-snippet":"max-snippet:-1","max-image-preview":"max-image-preview:large","max-video-preview":"max-video-preview:-1"},"canonical":"https:\/\/esotikgarden.com\/en\/prodotto\/collezione-da-esterno-per-principianti\/","og_locale":"en_US","og_type":"article","og_title":"Drosera intermedia","og_description":"Drosera intermedia \u00e8 presente in natura anche in Italia. E' una pianta erbacea perenne con foglie spatolate appiccicose disposte a rosetta semi-eretta.","og_url":"https:\/\/esotikgarden.com\/en\/prodotto\/collezione-da-esterno-per-principianti\/","og_site_name":"Esotik Garden","article_modified_time":"2024-04-18T16:41:57+00:00","og_image":[{"width":1533,"height":2044,"url":"https:\/\/esotikgarden.com\/wp-content\/uploads\/2023\/11\/Drosera-intermedia1.jpg","type":"image\/jpeg"}],"twitter_card":"summary_large_image","twitter_misc":{"Est. reading time":"5 minutes"},"schema":{"@context":"https:\/\/schema.org","@graph":[{"@type":"WebPage","@id":"https:\/\/esotikgarden.com\/en\/prodotto\/collezione-da-esterno-per-principianti\/","url":"https:\/\/esotikgarden.com\/en\/prodotto\/collezione-da-esterno-per-principianti\/","name":"Collezione di 3 piante carnivore da esterno per principianti - Esotik Garden","isPartOf":{"@id":"https:\/\/esotikgarden.com\/#website"},"primaryImageOfPage":{"@id":"https:\/\/esotikgarden.com\/en\/prodotto\/collezione-da-esterno-per-principianti\/#primaryimage"},"image":{"@id":"https:\/\/esotikgarden.com\/en\/prodotto\/collezione-da-esterno-per-principianti\/#primaryimage"},"thumbnailUrl":"https:\/\/esotikgarden.com\/wp-content\/uploads\/2024\/01\/Collezione-per-principianti-da-esterno1.png","datePublished":"2024-01-04T18:59:44+00:00","dateModified":"2024-04-18T16:41:57+00:00","description":"Collezione di 3 piante carnivore da esterno per principianti: 1 Dionaea muscipula + 1 Sarracenia + 1 Drosera temperata o sub-tropicale resistente al gelo.","breadcrumb":{"@id":"https:\/\/esotikgarden.com\/en\/prodotto\/collezione-da-esterno-per-principianti\/#breadcrumb"},"inLanguage":"en-US","potentialAction":[{"@type":"ReadAction","target":["https:\/\/esotikgarden.com\/en\/prodotto\/collezione-da-esterno-per-principianti\/"]}]},{"@type":"ImageObject","inLanguage":"en-US","@id":"https:\/\/esotikgarden.com\/en\/prodotto\/collezione-da-esterno-per-principianti\/#primaryimage","url":"https:\/\/esotikgarden.com\/wp-content\/uploads\/2024\/01\/Collezione-per-principianti-da-esterno1.png","contentUrl":"https:\/\/esotikgarden.com\/wp-content\/uploads\/2024\/01\/Collezione-per-principianti-da-esterno1.png","width":569,"height":759},{"@type":"BreadcrumbList","@id":"https:\/\/esotikgarden.com\/en\/prodotto\/collezione-da-esterno-per-principianti\/#breadcrumb","itemListElement":[{"@type":"ListItem","position":1,"name":"Home","item":"https:\/\/esotikgarden.com\/"},{"@type":"ListItem","position":2,"name":"Shop","item":"https:\/\/esotikgarden.com\/en\/shop-2\/"},{"@type":"ListItem","position":3,"name":"Collezione di 3 piante carnivore da esterno per principianti"}]},{"@type":"WebSite","@id":"https:\/\/esotikgarden.com\/#website","url":"https:\/\/esotikgarden.com\/","name":"Esotik Garden","description":"Specialisti in piante carnivore e piante insolite","potentialAction":[{"@type":"SearchAction","target":{"@type":"EntryPoint","urlTemplate":"https:\/\/esotikgarden.com\/?s={search_term_string}"},"query-input":{"@type":"PropertyValueSpecification","valueRequired":true,"valueName":"search_term_string"}}],"inLanguage":"en-US"}]}},"_links":{"self":[{"href":"https:\/\/esotikgarden.com\/en\/wp-json\/wp\/v2\/product\/16234","targetHints":{"allow":["GET"]}}],"collection":[{"href":"https:\/\/esotikgarden.com\/en\/wp-json\/wp\/v2\/product"}],"about":[{"href":"https:\/\/esotikgarden.com\/en\/wp-json\/wp\/v2\/types\/product"}],"replies":[{"embeddable":true,"href":"https:\/\/esotikgarden.com\/en\/wp-json\/wp\/v2\/comments?post=16234"}],"wp:featuredmedia":[{"embeddable":true,"href":"https:\/\/esotikgarden.com\/en\/wp-json\/wp\/v2\/media\/15560"}],"wp:attachment":[{"href":"https:\/\/esotikgarden.com\/en\/wp-json\/wp\/v2\/media?parent=16234"}],"wp:term":[{"taxonomy":"product_brand","embeddable":true,"href":"https:\/\/esotikgarden.com\/en\/wp-json\/wp\/v2\/product_brand?post=16234"},{"taxonomy":"product_cat","embeddable":true,"href":"https:\/\/esotikgarden.com\/en\/wp-json\/wp\/v2\/product_cat?post=16234"},{"taxonomy":"product_tag","embeddable":true,"href":"https:\/\/esotikgarden.com\/en\/wp-json\/wp\/v2\/product_tag?post=16234"}],"curies":[{"name":"wp","href":"https:\/\/api.w.org\/{rel}","templated":true}]}}